{"id":711,"date":"2021-08-26T11:56:36","date_gmt":"2021-08-26T11:56:36","guid":{"rendered":"https:\/\/worbimed.com\/hizmetlerimiz\/"},"modified":"2023-12-24T08:21:59","modified_gmt":"2023-12-24T08:21:59","slug":"hizmetlerimiz","status":"publish","type":"page","link":"https:\/\/worbimed.com\/tr\/hizmetlerimiz\/","title":{"rendered":"H\u0130ZMETLER\u0130M\u0130Z"},"content":{"rendered":"","protected":false},"excerpt":{"rendered":"","protected":false},"author":1,"featured_media":0,"parent":0,"menu_order":0,"comment_status":"closed","ping_status":"closed","template":"","meta":{"footnotes":""},"class_list":["post-711","page","type-page","status-publish","hentry"],"_links":{"self":[{"href":"https:\/\/worbimed.com\/tr\/wp-json\/wp\/v2\/pages\/711","targetHints":{"allow":["GET"]}}],"collection":[{"href":"https:\/\/worbimed.com\/tr\/wp-json\/wp\/v2\/pages"}],"about":[{"href":"https:\/\/worbimed.com\/tr\/wp-json\/wp\/v2\/types\/page"}],"author":[{"embeddable":true,"href":"https:\/\/worbimed.com\/tr\/wp-json\/wp\/v2\/users\/1"}],"replies":[{"embeddable":true,"href":"https:\/\/worbimed.com\/tr\/wp-json\/wp\/v2\/comments?post=711"}],"version-history":[{"count":0,"href":"https:\/\/worbimed.com\/tr\/wp-json\/wp\/v2\/pages\/711\/revisions"}],"wp:attachment":[{"href":"https:\/\/worbimed.com\/tr\/wp-json\/wp\/v2\/media?parent=711"}],"curies":[{"name":"wp","href":"https:\/\/api.w.org\/{rel}","templated":true}]}}