{"id":707,"date":"2021-08-26T12:19:46","date_gmt":"2021-08-26T12:19:46","guid":{"rendered":"https:\/\/worbimed.com\/iletisim\/"},"modified":"2024-01-16T14:57:32","modified_gmt":"2024-01-16T14:57:32","slug":"iletisim","status":"publish","type":"page","link":"https:\/\/worbimed.com\/tr\/iletisim\/","title":{"rendered":"\u0130LET\u0130\u015e\u0130M"},"content":{"rendered":"","protected":false},"excerpt":{"rendered":"","protected":false},"author":1,"featured_media":0,"parent":0,"menu_order":0,"comment_status":"closed","ping_status":"closed","template":"","meta":{"footnotes":""},"class_list":["post-707","page","type-page","status-publish","hentry"],"_links":{"self":[{"href":"https:\/\/worbimed.com\/tr\/wp-json\/wp\/v2\/pages\/707","targetHints":{"allow":["GET"]}}],"collection":[{"href":"https:\/\/worbimed.com\/tr\/wp-json\/wp\/v2\/pages"}],"about":[{"href":"https:\/\/worbimed.com\/tr\/wp-json\/wp\/v2\/types\/page"}],"author":[{"embeddable":true,"href":"https:\/\/worbimed.com\/tr\/wp-json\/wp\/v2\/users\/1"}],"replies":[{"embeddable":true,"href":"https:\/\/worbimed.com\/tr\/wp-json\/wp\/v2\/comments?post=707"}],"version-history":[{"count":0,"href":"https:\/\/worbimed.com\/tr\/wp-json\/wp\/v2\/pages\/707\/revisions"}],"wp:attachment":[{"href":"https:\/\/worbimed.com\/tr\/wp-json\/wp\/v2\/media?parent=707"}],"curies":[{"name":"wp","href":"https:\/\/api.w.org\/{rel}","templated":true}]}}